{"id":10128,"date":"2021-01-30T12:04:27","date_gmt":"2021-01-30T11:04:27","guid":{"rendered":"http:\/\/sp.gozdowo.eu\/?page_id=10128"},"modified":"2026-04-20T08:14:34","modified_gmt":"2026-04-20T06:14:34","slug":"stolowka","status":"publish","type":"page","link":"http:\/\/sp.gozdowo.eu\/?page_id=10128","title":{"rendered":"STO\u0141\u00d3WKA"},"content":{"rendered":"\n<p><\/p>\n\n\n<p><a href=\"http:\/\/sp.gozdowo.eu\/wp-content\/uploads\/2026\/04\/jadlospis-3-kwiecien-2026.jpg\"><img loading=\"lazy\" decoding=\"async\" class=\"alignnone size-full wp-image-22024\" src=\"http:\/\/sp.gozdowo.eu\/wp-content\/uploads\/2026\/04\/jadlospis-3-kwiecien-2026.jpg\" alt=\"\" width=\"960\" height=\"720\" srcset=\"http:\/\/sp.gozdowo.eu\/wp-content\/uploads\/2026\/04\/jadlospis-3-kwiecien-2026.jpg 960w, http:\/\/sp.gozdowo.eu\/wp-content\/uploads\/2026\/04\/jadlospis-3-kwiecien-2026-300x225.jpg 300w, http:\/\/sp.gozdowo.eu\/wp-content\/uploads\/2026\/04\/jadlospis-3-kwiecien-2026-768x576.jpg 768w\" sizes=\"auto, (max-width: 960px) 100vw, 960px\" \/><\/a><\/p>\n<p>&nbsp;<\/p>\n<p class=\"western\" align=\"center\"><span style=\"color: #ff0000;\"><span style=\"font-size: xx-large;\"><b>STO\u0141\u00d3WKA SZKOLNA<br \/><\/b><\/span><\/span><span style=\"color: #000080;\"><strong>tel. 784-594-449<\/strong><\/span><\/p>\n<ol>\n<li>\n<p align=\"justify\"><span style=\"font-size: large;\"><b>Stawki \u017cywieniowe w roku szkolnym 2025\/2026 wynosz\u0105:<\/b><\/span><\/p>\n<\/li>\n<li>\n<p align=\"justify\"><span style=\"font-size: large;\"><b><a href=\"http:\/\/sp.gozdowo.eu\/wp-content\/uploads\/2025\/09\/obiady25.jpg\"><img loading=\"lazy\" decoding=\"async\" class=\"alignnone size-full wp-image-20222\" src=\"http:\/\/sp.gozdowo.eu\/wp-content\/uploads\/2025\/09\/obiady25.jpg\" alt=\"\" width=\"1920\" height=\"1080\" srcset=\"http:\/\/sp.gozdowo.eu\/wp-content\/uploads\/2025\/09\/obiady25.jpg 1920w, http:\/\/sp.gozdowo.eu\/wp-content\/uploads\/2025\/09\/obiady25-300x169.jpg 300w, http:\/\/sp.gozdowo.eu\/wp-content\/uploads\/2025\/09\/obiady25-1024x576.jpg 1024w, http:\/\/sp.gozdowo.eu\/wp-content\/uploads\/2025\/09\/obiady25-768x432.jpg 768w, http:\/\/sp.gozdowo.eu\/wp-content\/uploads\/2025\/09\/obiady25-1536x864.jpg 1536w\" sizes=\"auto, (max-width: 1920px) 100vw, 1920px\" \/><\/a><\/b><\/span><\/p>\n<\/li>\n<\/ol>\n<ol start=\"2\">\n<li>\n<p align=\"justify\"><span style=\"font-size: large;\"><b>Posi\u0142ki w sto\u0142\u00f3wce szkolnej wydawane s\u0105 w godzinach 10:30 \u2013 13:00:<\/b><\/span><\/p>\n<\/li>\n<\/ol>\n<p align=\"justify\"><span style=\"color: #4472c4;\"><span style=\"font-size: large;\"><b>10.30 \u2013 10.45 <\/b><\/span><\/span><span style=\"font-size: large;\">\u2013 zupa kl. I-III i kl. IV-V &#8211; szko\u0142a podstawowa<\/span><\/p>\n<p align=\"justify\"><span style=\"color: #4472c4;\"><span style=\"font-size: large;\"><b>10.45 \u2013 11.15 <\/b><\/span><\/span><span style=\"font-size: large;\">&#8211; drugie danie \u2013 na wynos &#8211; Szko\u0142a Podstawowa w Lelicach<\/span><\/p>\n<p align=\"justify\"><span style=\"color: #4472c4;\"><span style=\"font-size: large;\"><b>11.00 \u2013 11.25 <\/b><\/span><\/span><span style=\"font-size: large;\">\u2013 zupa i II danie \u2013 dzieci sze\u015bcioletnie z przedszkola<\/span><\/p>\n<p align=\"justify\"><span style=\"color: #4472c4;\"><span style=\"font-size: large;\"><b>11.30 <\/b><\/span><\/span><span style=\"font-size: large;\">\u2013 zupa i II danie \u2013 na wynos \u2013 klub dzieci\u0119cy<\/span><\/p>\n<p align=\"justify\"><span style=\"color: #4472c4;\"><span style=\"font-size: large;\"><b>11.30 \u2013 11.50 <\/b><\/span><\/span><span style=\"font-size: large;\">\u2013 II danie kl. I-III, II danie kl. IV-V &#8211; szko\u0142a podstawowa<\/span><\/p>\n<p align=\"justify\"><span style=\"color: #4472c4;\"><span style=\"font-size: large;\"><b>11.45 <\/b><\/span><\/span><span style=\"font-size: large;\">&#8211; zupa i II danie \u2013 na wynos &#8211; przedszkole<\/span><\/p>\n<p align=\"justify\"><span style=\"color: #4472c4;\"><span style=\"font-size: large;\"><b>12.35 \u2013 12.50 <\/b><\/span><\/span><span style=\"font-size: large;\">&#8211; zupa i II danie kl. VI-VIII &#8211; szko\u0142a podstawowa<\/span><\/p>\n<ol start=\"3\">\n<li>\n<p align=\"justify\"><span style=\"font-size: large;\"><b>Do korzystania z posi\u0142k\u00f3w w sto\u0142\u00f3wce szkolnej uprawnieni s\u0105:<\/b><\/span><\/p>\n<\/li>\n<\/ol>\n<ul>\n<li>\n<p align=\"justify\"><span style=\"font-size: large;\">uczniowie Szko\u0142y Podstawowej w Gozdowie, <\/span><\/p>\n<\/li>\n<li>\n<p align=\"justify\"><span style=\"font-size: large;\">uczniowie Szko\u0142y Podstawowej w Lelicach, <\/span><\/p>\n<\/li>\n<li>\n<p align=\"justify\"><span style=\"font-size: large;\">dzieci z Publicznego Przedszkola w Gozdowie, <\/span><\/p>\n<\/li>\n<li>\n<p align=\"justify\"><span style=\"font-size: large;\">dzieci z Klubu Dzieci\u0119cego w Gozdowie,<\/span><\/p>\n<\/li>\n<li>\n<p align=\"justify\"><span style=\"font-size: large;\">pracownicy szk\u00f3\u0142, przedszkola, klubu<\/span><\/p>\n<\/li>\n<\/ul>\n<p><a href=\"http:\/\/sp.gozdowo.eu\/wp-content\/uploads\/2021\/01\/Regulamin-stolowki-szkolnej.docx\">Regulamin sto\u0142\u00f3wki szkolnej<\/a><\/p>\n<p><a href=\"http:\/\/sp.gozdowo.eu\/wp-content\/uploads\/2022\/09\/karta-zgloszenia-na-obiady.docx\">Karta zg\u0142oszenia na obiady<\/a><\/p>\n<p><a href=\"http:\/\/sp.gozdowo.eu\/wp-content\/uploads\/2021\/09\/karta-rezygnacji.docx\">Karta rezygnacji dziecka z posi\u0142k\u00f3w<\/a><\/p>\n\n\n<p><\/p>\n\n\n\n<p><\/p>\n","protected":false},"excerpt":{"rendered":"<p>&nbsp; STO\u0141\u00d3WKA SZKOLNAtel. 784-594-449 Stawki \u017cywieniowe w roku szkolnym 2025\/2026 wynosz\u0105: Posi\u0142ki w sto\u0142\u00f3wce szkolnej wydawane s\u0105 w godzinach 10:30 \u2013 13:00: 10.30 \u2013 10.45 \u2013 zupa kl. I-III i kl. IV-V &#8211; szko\u0142a&#46;&#46;&#46;<\/p>\n","protected":false},"author":1,"featured_media":0,"parent":0,"menu_order":0,"comment_status":"closed","ping_status":"closed","template":"","meta":{"footnotes":""},"class_list":["post-10128","page","type-page","status-publish","hentry"],"_links":{"self":[{"href":"http:\/\/sp.gozdowo.eu\/index.php?rest_route=\/wp\/v2\/pages\/10128","targetHints":{"allow":["GET"]}}],"collection":[{"href":"http:\/\/sp.gozdowo.eu\/index.php?rest_route=\/wp\/v2\/pages"}],"about":[{"href":"http:\/\/sp.gozdowo.eu\/index.php?rest_route=\/wp\/v2\/types\/page"}],"author":[{"embeddable":true,"href":"http:\/\/sp.gozdowo.eu\/index.php?rest_route=\/wp\/v2\/users\/1"}],"replies":[{"embeddable":true,"href":"http:\/\/sp.gozdowo.eu\/index.php?rest_route=%2Fwp%2Fv2%2Fcomments&post=10128"}],"version-history":[{"count":181,"href":"http:\/\/sp.gozdowo.eu\/index.php?rest_route=\/wp\/v2\/pages\/10128\/revisions"}],"predecessor-version":[{"id":22025,"href":"http:\/\/sp.gozdowo.eu\/index.php?rest_route=\/wp\/v2\/pages\/10128\/revisions\/22025"}],"wp:attachment":[{"href":"http:\/\/sp.gozdowo.eu\/index.php?rest_route=%2Fwp%2Fv2%2Fmedia&parent=10128"}],"curies":[{"name":"wp","href":"https:\/\/api.w.org\/{rel}","templated":true}]}}