{"id":21547,"date":"2026-03-01T14:53:35","date_gmt":"2026-03-01T13:53:35","guid":{"rendered":"http:\/\/sp.gozdowo.eu\/?page_id=21547"},"modified":"2026-03-02T18:19:34","modified_gmt":"2026-03-02T17:19:34","slug":"zdrowy-posilek","status":"publish","type":"page","link":"http:\/\/sp.gozdowo.eu\/?page_id=21547","title":{"rendered":"Zdrowy posi\u0142ek"},"content":{"rendered":"\n<p><strong>Rok szkolny 2025\/2026<\/strong><\/p>\n\n\n<p><strong>Od wrze\u015bnia 2022 roku\u00a0 realizuj\u0119\u00a0 innowacj\u0119 pedagogiczn\u0105\u00a0 \u201e Zdrowy posi\u0142ek\u201d.<\/strong><\/p>\n<p>G\u0142\u00f3wnym celem innowacji jest nabycie przez uczni\u00f3w\u00a0 wiedzy i umiej\u0119tno\u015bci praktycznych zwi\u0105zanych z przygotowaniem zdrowego posi\u0142ku.Uczniowie podczas zaj\u0119\u0107 nabywaj\u0105 umiej\u0119tno\u015bci samodzielnego przyrz\u0105dzenia potrawy.\u00a0 Podczas zaj\u0119\u0107 uczniowie\u00a0 rozwijaj\u0105 swoje umiej\u0119tno\u015bci manualne i kreatywne, prze\u0142amuj\u0105 l\u0119k, ucz\u0105 si\u0119 wsp\u00f3\u0142pracowa\u0107 w grupie oraz rozwijaj\u0105 i doskonal\u0105 estetyk\u0119 wykonywanych potraw.<\/p>\n<p>Innowacja daje wiele mo\u017cliwo\u015bci uczniom ,rozwijanie kreatywno\u015bci ale przede wszystkim trosk\u0119 o zdrowie ,umiej\u0119tno\u015b\u0107\u00a0 korzystania ze sprz\u0119tu i przygotowanie zdrowego posi\u0142ku,poszerzenie zainteresowa\u0144 uczni\u00f3w,oszcz\u0119dno\u015b\u0107 ,ekonomiczne podej\u015bcie do \u017cycia , zapoznanie z bezpiecznym pos\u0142ugiwaniem si\u0119 nowoczesnym sprz\u0119tem elektrycznym, przestrzeganie zasad BHP podczas zaj\u0119\u0107. <br \/>ze sposobami nakrycia do sto\u0142u,dekoracj\u0105\u00a0 sto\u0142u (serwetki zastawa),zasady savoir vivre,wiadomo\u015bci na temat zdrowy posi\u0142ek co to takiego, jak \u00a0wykona\u0107 zdrowego hamburgera, zdrowej tortilli czy pizzy,zapiekanki,jak tworzy\u0107 desery z p\u0142atk\u00f3w owsianych z owocami i jogurtem naturalnym,jak polubi\u0107 sa\u0142atki owocowe i jarzynowe z sokiem cytryny,jak zast\u0105pi\u0107 napoje gazowane sokami owocowymi.<br \/>Przyk\u0142adowe zdj\u0119cia z zaj\u0119\u0107.<\/p>\n<p>\u00a0 \u00a0 \u00a0 \u00a0 \u00a0 \u00a0 \u00a0 \u00a0 \u00a0 \u00a0 \u00a0 \u00a0 \u00a0 \u00a0 \u00a0 \u00a0 \u00a0 \u00a0 \u00a0 \u00a0 \u00a0 \u00a0 \u00a0 \u00a0 \u00a0 \u00a0 \u00a0 \u00a0 Ma\u0142gorzata Dobrowolska<\/p>\n<p><a href=\"http:\/\/sp.gozdowo.eu\/wp-content\/uploads\/2026\/03\/30.jpg\"><img loading=\"lazy\" decoding=\"async\" class=\"alignnone  wp-image-21600\" src=\"http:\/\/sp.gozdowo.eu\/wp-content\/uploads\/2026\/03\/30-300x225.jpg\" alt=\"\" width=\"680\" height=\"510\" srcset=\"http:\/\/sp.gozdowo.eu\/wp-content\/uploads\/2026\/03\/30-300x225.jpg 300w, http:\/\/sp.gozdowo.eu\/wp-content\/uploads\/2026\/03\/30-768x576.jpg 768w, http:\/\/sp.gozdowo.eu\/wp-content\/uploads\/2026\/03\/30.jpg 891w\" sizes=\"auto, (max-width: 680px) 100vw, 680px\" \/><\/a> <a href=\"http:\/\/sp.gozdowo.eu\/wp-content\/uploads\/2026\/03\/29.jpg\"><img loading=\"lazy\" decoding=\"async\" class=\"alignnone  wp-image-21599\" src=\"http:\/\/sp.gozdowo.eu\/wp-content\/uploads\/2026\/03\/29-225x300.jpg\" alt=\"\" width=\"680\" height=\"907\" srcset=\"http:\/\/sp.gozdowo.eu\/wp-content\/uploads\/2026\/03\/29-225x300.jpg 225w, http:\/\/sp.gozdowo.eu\/wp-content\/uploads\/2026\/03\/29.jpg 501w\" sizes=\"auto, (max-width: 680px) 100vw, 680px\" \/><\/a> <a href=\"http:\/\/sp.gozdowo.eu\/wp-content\/uploads\/2026\/03\/28.jpg\"><img loading=\"lazy\" decoding=\"async\" class=\"alignnone  wp-image-21598\" src=\"http:\/\/sp.gozdowo.eu\/wp-content\/uploads\/2026\/03\/28-300x225.jpg\" alt=\"\" width=\"680\" height=\"510\" srcset=\"http:\/\/sp.gozdowo.eu\/wp-content\/uploads\/2026\/03\/28-300x225.jpg 300w, http:\/\/sp.gozdowo.eu\/wp-content\/uploads\/2026\/03\/28-768x576.jpg 768w, http:\/\/sp.gozdowo.eu\/wp-content\/uploads\/2026\/03\/28.jpg 891w\" sizes=\"auto, (max-width: 680px) 100vw, 680px\" \/><\/a> <a href=\"http:\/\/sp.gozdowo.eu\/wp-content\/uploads\/2026\/03\/27.jpg\"><img loading=\"lazy\" decoding=\"async\" class=\"alignnone  wp-image-21597\" src=\"http:\/\/sp.gozdowo.eu\/wp-content\/uploads\/2026\/03\/27-300x225.jpg\" alt=\"\" width=\"680\" height=\"510\" srcset=\"http:\/\/sp.gozdowo.eu\/wp-content\/uploads\/2026\/03\/27-300x225.jpg 300w, http:\/\/sp.gozdowo.eu\/wp-content\/uploads\/2026\/03\/27-768x576.jpg 768w, http:\/\/sp.gozdowo.eu\/wp-content\/uploads\/2026\/03\/27.jpg 891w\" sizes=\"auto, (max-width: 680px) 100vw, 680px\" \/><\/a> <a href=\"http:\/\/sp.gozdowo.eu\/wp-content\/uploads\/2026\/03\/26.jpg\"><img loading=\"lazy\" decoding=\"async\" class=\"alignnone  wp-image-21596\" src=\"http:\/\/sp.gozdowo.eu\/wp-content\/uploads\/2026\/03\/26-225x300.jpg\" alt=\"\" width=\"680\" height=\"907\" srcset=\"http:\/\/sp.gozdowo.eu\/wp-content\/uploads\/2026\/03\/26-225x300.jpg 225w, http:\/\/sp.gozdowo.eu\/wp-content\/uploads\/2026\/03\/26.jpg 501w\" sizes=\"auto, (max-width: 680px) 100vw, 680px\" \/><\/a> <a href=\"http:\/\/sp.gozdowo.eu\/wp-content\/uploads\/2026\/03\/25.jpg\"><img loading=\"lazy\" decoding=\"async\" class=\"alignnone  wp-image-21595\" src=\"http:\/\/sp.gozdowo.eu\/wp-content\/uploads\/2026\/03\/25-225x300.jpg\" alt=\"\" width=\"680\" height=\"906\" srcset=\"http:\/\/sp.gozdowo.eu\/wp-content\/uploads\/2026\/03\/25-225x300.jpg 225w, http:\/\/sp.gozdowo.eu\/wp-content\/uploads\/2026\/03\/25.jpg 501w\" sizes=\"auto, (max-width: 680px) 100vw, 680px\" \/><\/a> <a href=\"http:\/\/sp.gozdowo.eu\/wp-content\/uploads\/2026\/03\/24.jpg\"><img loading=\"lazy\" decoding=\"async\" class=\"alignnone  wp-image-21594\" src=\"http:\/\/sp.gozdowo.eu\/wp-content\/uploads\/2026\/03\/24-300x225.jpg\" alt=\"\" width=\"680\" height=\"510\" srcset=\"http:\/\/sp.gozdowo.eu\/wp-content\/uploads\/2026\/03\/24-300x225.jpg 300w, http:\/\/sp.gozdowo.eu\/wp-content\/uploads\/2026\/03\/24-768x576.jpg 768w, http:\/\/sp.gozdowo.eu\/wp-content\/uploads\/2026\/03\/24.jpg 891w\" sizes=\"auto, (max-width: 680px) 100vw, 680px\" \/><\/a> <a href=\"http:\/\/sp.gozdowo.eu\/wp-content\/uploads\/2026\/03\/23.jpg\"><img loading=\"lazy\" decoding=\"async\" class=\"alignnone  wp-image-21593\" src=\"http:\/\/sp.gozdowo.eu\/wp-content\/uploads\/2026\/03\/23-225x300.jpg\" alt=\"\" width=\"680\" height=\"907\" srcset=\"http:\/\/sp.gozdowo.eu\/wp-content\/uploads\/2026\/03\/23-225x300.jpg 225w, http:\/\/sp.gozdowo.eu\/wp-content\/uploads\/2026\/03\/23.jpg 501w\" sizes=\"auto, (max-width: 680px) 100vw, 680px\" \/><\/a> <a href=\"http:\/\/sp.gozdowo.eu\/wp-content\/uploads\/2026\/03\/22.jpg\"><img loading=\"lazy\" decoding=\"async\" class=\"alignnone  wp-image-21592\" src=\"http:\/\/sp.gozdowo.eu\/wp-content\/uploads\/2026\/03\/22-225x300.jpg\" alt=\"\" width=\"680\" height=\"907\" srcset=\"http:\/\/sp.gozdowo.eu\/wp-content\/uploads\/2026\/03\/22-225x300.jpg 225w, http:\/\/sp.gozdowo.eu\/wp-content\/uploads\/2026\/03\/22.jpg 501w\" sizes=\"auto, (max-width: 680px) 100vw, 680px\" \/><\/a> <a href=\"http:\/\/sp.gozdowo.eu\/wp-content\/uploads\/2026\/03\/21.jpg\"><img loading=\"lazy\" decoding=\"async\" class=\"alignnone  wp-image-21591\" src=\"http:\/\/sp.gozdowo.eu\/wp-content\/uploads\/2026\/03\/21-225x300.jpg\" alt=\"\" width=\"690\" height=\"920\" srcset=\"http:\/\/sp.gozdowo.eu\/wp-content\/uploads\/2026\/03\/21-225x300.jpg 225w, http:\/\/sp.gozdowo.eu\/wp-content\/uploads\/2026\/03\/21.jpg 501w\" sizes=\"auto, (max-width: 690px) 100vw, 690px\" \/><\/a> <a href=\"http:\/\/sp.gozdowo.eu\/wp-content\/uploads\/2026\/03\/20.jpg\"><img loading=\"lazy\" decoding=\"async\" class=\"alignnone  wp-image-21590\" src=\"http:\/\/sp.gozdowo.eu\/wp-content\/uploads\/2026\/03\/20-225x300.jpg\" alt=\"\" width=\"680\" height=\"906\" srcset=\"http:\/\/sp.gozdowo.eu\/wp-content\/uploads\/2026\/03\/20-225x300.jpg 225w, http:\/\/sp.gozdowo.eu\/wp-content\/uploads\/2026\/03\/20.jpg 501w\" sizes=\"auto, (max-width: 680px) 100vw, 680px\" \/><\/a> <a href=\"http:\/\/sp.gozdowo.eu\/wp-content\/uploads\/2026\/03\/19.jpg\"><img loading=\"lazy\" decoding=\"async\" class=\"alignnone  wp-image-21589\" src=\"http:\/\/sp.gozdowo.eu\/wp-content\/uploads\/2026\/03\/19-225x300.jpg\" alt=\"\" width=\"680\" height=\"906\" srcset=\"http:\/\/sp.gozdowo.eu\/wp-content\/uploads\/2026\/03\/19-225x300.jpg 225w, http:\/\/sp.gozdowo.eu\/wp-content\/uploads\/2026\/03\/19.jpg 501w\" sizes=\"auto, (max-width: 680px) 100vw, 680px\" \/><\/a> <a href=\"http:\/\/sp.gozdowo.eu\/wp-content\/uploads\/2026\/03\/18.jpg\"><img loading=\"lazy\" decoding=\"async\" class=\"alignnone  wp-image-21588\" src=\"http:\/\/sp.gozdowo.eu\/wp-content\/uploads\/2026\/03\/18-300x225.jpg\" alt=\"\" width=\"680\" height=\"510\" srcset=\"http:\/\/sp.gozdowo.eu\/wp-content\/uploads\/2026\/03\/18-300x225.jpg 300w, http:\/\/sp.gozdowo.eu\/wp-content\/uploads\/2026\/03\/18-768x576.jpg 768w, http:\/\/sp.gozdowo.eu\/wp-content\/uploads\/2026\/03\/18.jpg 891w\" sizes=\"auto, (max-width: 680px) 100vw, 680px\" \/><\/a> <a href=\"http:\/\/sp.gozdowo.eu\/wp-content\/uploads\/2026\/03\/17.jpg\"><img loading=\"lazy\" decoding=\"async\" class=\"alignnone  wp-image-21587\" src=\"http:\/\/sp.gozdowo.eu\/wp-content\/uploads\/2026\/03\/17-300x225.jpg\" alt=\"\" width=\"680\" height=\"510\" srcset=\"http:\/\/sp.gozdowo.eu\/wp-content\/uploads\/2026\/03\/17-300x225.jpg 300w, http:\/\/sp.gozdowo.eu\/wp-content\/uploads\/2026\/03\/17-768x576.jpg 768w, http:\/\/sp.gozdowo.eu\/wp-content\/uploads\/2026\/03\/17.jpg 891w\" sizes=\"auto, (max-width: 680px) 100vw, 680px\" \/><\/a> <a href=\"http:\/\/sp.gozdowo.eu\/wp-content\/uploads\/2026\/03\/16.jpg\"><img loading=\"lazy\" decoding=\"async\" class=\"alignnone  wp-image-21586\" src=\"http:\/\/sp.gozdowo.eu\/wp-content\/uploads\/2026\/03\/16-225x300.jpg\" alt=\"\" width=\"660\" height=\"880\" srcset=\"http:\/\/sp.gozdowo.eu\/wp-content\/uploads\/2026\/03\/16-225x300.jpg 225w, http:\/\/sp.gozdowo.eu\/wp-content\/uploads\/2026\/03\/16.jpg 501w\" sizes=\"auto, (max-width: 660px) 100vw, 660px\" \/><\/a> <a href=\"http:\/\/sp.gozdowo.eu\/wp-content\/uploads\/2026\/03\/15.jpg\"><img loading=\"lazy\" decoding=\"async\" class=\"alignnone  wp-image-21585\" src=\"http:\/\/sp.gozdowo.eu\/wp-content\/uploads\/2026\/03\/15-300x225.jpg\" alt=\"\" width=\"680\" height=\"510\" srcset=\"http:\/\/sp.gozdowo.eu\/wp-content\/uploads\/2026\/03\/15-300x225.jpg 300w, http:\/\/sp.gozdowo.eu\/wp-content\/uploads\/2026\/03\/15-768x576.jpg 768w, http:\/\/sp.gozdowo.eu\/wp-content\/uploads\/2026\/03\/15.jpg 891w\" sizes=\"auto, (max-width: 680px) 100vw, 680px\" \/><\/a> <a href=\"http:\/\/sp.gozdowo.eu\/wp-content\/uploads\/2026\/03\/14.jpg\"><img loading=\"lazy\" decoding=\"async\" class=\"alignnone  wp-image-21584\" src=\"http:\/\/sp.gozdowo.eu\/wp-content\/uploads\/2026\/03\/14-226x300.jpg\" alt=\"\" width=\"680\" height=\"903\" srcset=\"http:\/\/sp.gozdowo.eu\/wp-content\/uploads\/2026\/03\/14-226x300.jpg 226w, http:\/\/sp.gozdowo.eu\/wp-content\/uploads\/2026\/03\/14.jpg 503w\" sizes=\"auto, (max-width: 680px) 100vw, 680px\" \/><\/a> <a href=\"http:\/\/sp.gozdowo.eu\/wp-content\/uploads\/2026\/03\/13.jpg\"><img loading=\"lazy\" decoding=\"async\" class=\"alignnone  wp-image-21583\" src=\"http:\/\/sp.gozdowo.eu\/wp-content\/uploads\/2026\/03\/13-226x300.jpg\" alt=\"\" width=\"660\" height=\"876\" srcset=\"http:\/\/sp.gozdowo.eu\/wp-content\/uploads\/2026\/03\/13-226x300.jpg 226w, http:\/\/sp.gozdowo.eu\/wp-content\/uploads\/2026\/03\/13.jpg 503w\" sizes=\"auto, (max-width: 660px) 100vw, 660px\" \/><\/a> <a href=\"http:\/\/sp.gozdowo.eu\/wp-content\/uploads\/2026\/03\/12.jpg\"><img loading=\"lazy\" decoding=\"async\" class=\"alignnone  wp-image-21582\" src=\"http:\/\/sp.gozdowo.eu\/wp-content\/uploads\/2026\/03\/12-226x300.jpg\" alt=\"\" width=\"680\" height=\"902\" srcset=\"http:\/\/sp.gozdowo.eu\/wp-content\/uploads\/2026\/03\/12-226x300.jpg 226w, http:\/\/sp.gozdowo.eu\/wp-content\/uploads\/2026\/03\/12.jpg 503w\" sizes=\"auto, (max-width: 680px) 100vw, 680px\" \/><\/a> <a href=\"http:\/\/sp.gozdowo.eu\/wp-content\/uploads\/2026\/03\/11.jpg\"><img loading=\"lazy\" decoding=\"async\" class=\"alignnone  wp-image-21581\" src=\"http:\/\/sp.gozdowo.eu\/wp-content\/uploads\/2026\/03\/11-226x300.jpg\" alt=\"\" width=\"681\" height=\"904\" srcset=\"http:\/\/sp.gozdowo.eu\/wp-content\/uploads\/2026\/03\/11-226x300.jpg 226w, http:\/\/sp.gozdowo.eu\/wp-content\/uploads\/2026\/03\/11.jpg 503w\" sizes=\"auto, (max-width: 681px) 100vw, 681px\" \/><\/a> <a href=\"http:\/\/sp.gozdowo.eu\/wp-content\/uploads\/2026\/03\/10.jpg\"><img loading=\"lazy\" decoding=\"async\" class=\"alignnone  wp-image-21580\" src=\"http:\/\/sp.gozdowo.eu\/wp-content\/uploads\/2026\/03\/10-226x300.jpg\" alt=\"\" width=\"680\" height=\"902\" srcset=\"http:\/\/sp.gozdowo.eu\/wp-content\/uploads\/2026\/03\/10-226x300.jpg 226w, http:\/\/sp.gozdowo.eu\/wp-content\/uploads\/2026\/03\/10.jpg 503w\" sizes=\"auto, (max-width: 680px) 100vw, 680px\" \/><\/a> <a href=\"http:\/\/sp.gozdowo.eu\/wp-content\/uploads\/2026\/03\/9-1.jpg\"><img loading=\"lazy\" decoding=\"async\" class=\"alignnone  wp-image-21579\" src=\"http:\/\/sp.gozdowo.eu\/wp-content\/uploads\/2026\/03\/9-1-226x300.jpg\" alt=\"\" width=\"680\" height=\"902\" srcset=\"http:\/\/sp.gozdowo.eu\/wp-content\/uploads\/2026\/03\/9-1-226x300.jpg 226w, http:\/\/sp.gozdowo.eu\/wp-content\/uploads\/2026\/03\/9-1.jpg 503w\" sizes=\"auto, (max-width: 680px) 100vw, 680px\" \/><\/a> <a href=\"http:\/\/sp.gozdowo.eu\/wp-content\/uploads\/2026\/03\/8-1.jpg\"><img loading=\"lazy\" decoding=\"async\" class=\"alignnone  wp-image-21578\" src=\"http:\/\/sp.gozdowo.eu\/wp-content\/uploads\/2026\/03\/8-1-226x300.jpg\" alt=\"\" width=\"680\" height=\"903\" srcset=\"http:\/\/sp.gozdowo.eu\/wp-content\/uploads\/2026\/03\/8-1-226x300.jpg 226w, http:\/\/sp.gozdowo.eu\/wp-content\/uploads\/2026\/03\/8-1.jpg 503w\" sizes=\"auto, (max-width: 680px) 100vw, 680px\" \/><\/a> <a href=\"http:\/\/sp.gozdowo.eu\/wp-content\/uploads\/2026\/03\/7-1.jpg\"><img loading=\"lazy\" decoding=\"async\" class=\"alignnone  wp-image-21577\" src=\"http:\/\/sp.gozdowo.eu\/wp-content\/uploads\/2026\/03\/7-1-226x300.jpg\" alt=\"\" width=\"681\" height=\"904\" srcset=\"http:\/\/sp.gozdowo.eu\/wp-content\/uploads\/2026\/03\/7-1-226x300.jpg 226w, http:\/\/sp.gozdowo.eu\/wp-content\/uploads\/2026\/03\/7-1.jpg 503w\" sizes=\"auto, (max-width: 681px) 100vw, 681px\" \/><\/a> <a href=\"http:\/\/sp.gozdowo.eu\/wp-content\/uploads\/2026\/03\/6-1.jpg\"><img loading=\"lazy\" decoding=\"async\" class=\"alignnone  wp-image-21576\" src=\"http:\/\/sp.gozdowo.eu\/wp-content\/uploads\/2026\/03\/6-1-169x300.jpg\" alt=\"\" width=\"680\" height=\"1207\" srcset=\"http:\/\/sp.gozdowo.eu\/wp-content\/uploads\/2026\/03\/6-1-169x300.jpg 169w, http:\/\/sp.gozdowo.eu\/wp-content\/uploads\/2026\/03\/6-1.jpg 376w\" sizes=\"auto, (max-width: 680px) 100vw, 680px\" \/><\/a> <a href=\"http:\/\/sp.gozdowo.eu\/wp-content\/uploads\/2026\/03\/5-1.jpg\"><img loading=\"lazy\" decoding=\"async\" class=\"alignnone  wp-image-21575\" src=\"http:\/\/sp.gozdowo.eu\/wp-content\/uploads\/2026\/03\/5-1-169x300.jpg\" alt=\"\" width=\"690\" height=\"1225\" srcset=\"http:\/\/sp.gozdowo.eu\/wp-content\/uploads\/2026\/03\/5-1-169x300.jpg 169w, http:\/\/sp.gozdowo.eu\/wp-content\/uploads\/2026\/03\/5-1.jpg 376w\" sizes=\"auto, (max-width: 690px) 100vw, 690px\" \/><\/a> <a href=\"http:\/\/sp.gozdowo.eu\/wp-content\/uploads\/2026\/03\/4-1.jpg\"><img loading=\"lazy\" decoding=\"async\" class=\"alignnone  wp-image-21574\" src=\"http:\/\/sp.gozdowo.eu\/wp-content\/uploads\/2026\/03\/4-1-169x300.jpg\" alt=\"\" width=\"680\" height=\"1208\" srcset=\"http:\/\/sp.gozdowo.eu\/wp-content\/uploads\/2026\/03\/4-1-169x300.jpg 169w, http:\/\/sp.gozdowo.eu\/wp-content\/uploads\/2026\/03\/4-1.jpg 376w\" sizes=\"auto, (max-width: 680px) 100vw, 680px\" \/><\/a> <a href=\"http:\/\/sp.gozdowo.eu\/wp-content\/uploads\/2026\/03\/3-1.jpg\"><img loading=\"lazy\" decoding=\"async\" class=\"alignnone  wp-image-21573\" src=\"http:\/\/sp.gozdowo.eu\/wp-content\/uploads\/2026\/03\/3-1-169x300.jpg\" alt=\"\" width=\"681\" height=\"1209\" srcset=\"http:\/\/sp.gozdowo.eu\/wp-content\/uploads\/2026\/03\/3-1-169x300.jpg 169w, http:\/\/sp.gozdowo.eu\/wp-content\/uploads\/2026\/03\/3-1.jpg 376w\" sizes=\"auto, (max-width: 681px) 100vw, 681px\" \/><\/a> <a href=\"http:\/\/sp.gozdowo.eu\/wp-content\/uploads\/2026\/03\/2-1.jpg\"><img loading=\"lazy\" decoding=\"async\" class=\"alignnone  wp-image-21572\" src=\"http:\/\/sp.gozdowo.eu\/wp-content\/uploads\/2026\/03\/2-1-169x300.jpg\" alt=\"\" width=\"680\" height=\"1208\" srcset=\"http:\/\/sp.gozdowo.eu\/wp-content\/uploads\/2026\/03\/2-1-169x300.jpg 169w, http:\/\/sp.gozdowo.eu\/wp-content\/uploads\/2026\/03\/2-1.jpg 376w\" sizes=\"auto, (max-width: 680px) 100vw, 680px\" \/><\/a><\/p>\n<p><a href=\"http:\/\/sp.gozdowo.eu\/wp-content\/uploads\/2026\/03\/1-1.jpg\"><img loading=\"lazy\" decoding=\"async\" class=\" wp-image-21571\" src=\"http:\/\/sp.gozdowo.eu\/wp-content\/uploads\/2026\/03\/1-1-225x300.jpg\" alt=\"\" width=\"680\" height=\"907\" srcset=\"http:\/\/sp.gozdowo.eu\/wp-content\/uploads\/2026\/03\/1-1-225x300.jpg 225w, http:\/\/sp.gozdowo.eu\/wp-content\/uploads\/2026\/03\/1-1.jpg 501w\" sizes=\"auto, (max-width: 680px) 100vw, 680px\" \/><\/a><\/p>","protected":false},"excerpt":{"rendered":"<p>Rok szkolny 2025\/2026 Od wrze\u015bnia 2022 roku\u00a0 realizuj\u0119\u00a0 innowacj\u0119 pedagogiczn\u0105\u00a0 \u201e Zdrowy posi\u0142ek\u201d. G\u0142\u00f3wnym celem innowacji jest nabycie przez uczni\u00f3w\u00a0 wiedzy i umiej\u0119tno\u015bci praktycznych zwi\u0105zanych z przygotowaniem zdrowego posi\u0142ku.Uczniowie podczas zaj\u0119\u0107 nabywaj\u0105 umiej\u0119tno\u015bci samodzielnego&#46;&#46;&#46;<\/p>\n","protected":false},"author":1,"featured_media":0,"parent":0,"menu_order":0,"comment_status":"closed","ping_status":"closed","template":"","meta":{"footnotes":""},"class_list":["post-21547","page","type-page","status-publish","hentry"],"_links":{"self":[{"href":"http:\/\/sp.gozdowo.eu\/index.php?rest_route=\/wp\/v2\/pages\/21547","targetHints":{"allow":["GET"]}}],"collection":[{"href":"http:\/\/sp.gozdowo.eu\/index.php?rest_route=\/wp\/v2\/pages"}],"about":[{"href":"http:\/\/sp.gozdowo.eu\/index.php?rest_route=\/wp\/v2\/types\/page"}],"author":[{"embeddable":true,"href":"http:\/\/sp.gozdowo.eu\/index.php?rest_route=\/wp\/v2\/users\/1"}],"replies":[{"embeddable":true,"href":"http:\/\/sp.gozdowo.eu\/index.php?rest_route=%2Fwp%2Fv2%2Fcomments&post=21547"}],"version-history":[{"count":2,"href":"http:\/\/sp.gozdowo.eu\/index.php?rest_route=\/wp\/v2\/pages\/21547\/revisions"}],"predecessor-version":[{"id":21602,"href":"http:\/\/sp.gozdowo.eu\/index.php?rest_route=\/wp\/v2\/pages\/21547\/revisions\/21602"}],"wp:attachment":[{"href":"http:\/\/sp.gozdowo.eu\/index.php?rest_route=%2Fwp%2Fv2%2Fmedia&parent=21547"}],"curies":[{"name":"wp","href":"https:\/\/api.w.org\/{rel}","templated":true}]}}