{"id":21549,"date":"2026-03-01T14:54:19","date_gmt":"2026-03-01T13:54:19","guid":{"rendered":"http:\/\/sp.gozdowo.eu\/?page_id=21549"},"modified":"2026-03-02T18:06:55","modified_gmt":"2026-03-02T17:06:55","slug":"umiem-szyc-na-maszynie","status":"publish","type":"page","link":"http:\/\/sp.gozdowo.eu\/?page_id=21549","title":{"rendered":"Umiem szy\u0107 na maszynie"},"content":{"rendered":"\n<p><strong>Rok szkolny 2025\/2026<\/strong><\/p>\n\n\n<p><strong>Innowacja pedagogiczna &#8222;Umiem szy\u0107 na maszynie&#8221;<\/strong><\/p>\n<p>Realizowana od roku szkolnego 2021\/22\u00a0\u00a0 do chwili obecnej.<br \/>Uczniowie uczestnicz\u0105c w zaj\u0119ciach krawieckich poszerzaj\u0105 za r\u00f3wno wiedz\u0119 ,jak \u00a0i umiej\u0119tno\u015bci z zakresu krawiectwa i orientacji zawodowej,rozwijaj\u0105 si\u0119, poszerzaj\u0105 horyzonty, \u0142\u0105cz\u0105 teori\u0119 z praktyk\u0105, s\u0105 ekologiczni, wiedz\u0105 jak ponownie wykorzysta\u0107 ubrania i nie wyrzuca\u0107 ubra\u0144 za ma\u0142ych czy uszkodzonych tylko je poprawia\u0107, przerabia\u0107, ozdabia\u0107.<\/p>\n<p>Uczniowie rozwijaj\u0105 wyobra\u017ani\u0119 i inwencj\u0119 tw\u00f3rcz\u0105,projektuj\u0105, przedstawiaj\u0105 w\u0142asne pomys\u0142y, oraz potrafi\u0105 je zrealizowa\u0107,poszerzaj\u0105 wiedz\u0119 i umiej\u0119tno\u015bci z zakresu szycia,potrafi\u0105 dobiera\u0107 odpowiednie materia\u0142y i dodatki,podejmuj\u0105 dodatkowe dzia\u0142ania i zgodnie wsp\u00f3\u0142pracuj\u0105 w grupie,znaj\u0105 podstawowe narz\u0119dzia i przybory krawieckie oraz<br \/>prawid\u0142owo i bezpiecznie si\u0119 nimi pos\u0142uguj\u0105, potrafi\u0105 przygotowa\u0107 warsztat pracy,z ochot\u0105 wykonuj\u0105 prace u\u017cytkowych na potrzeby innych.Potrafia te\u017c rozpozna\u0107 i dobra\u0107 odpowiednie materia\u0142y do pracy, potrafi\u0105 wykona\u0107 konstrukcj\u0119 odzie\u017cy na podstawie w\u0142asnych wymiar\u00f3w, w\u0142a\u015bciwie ci\u0105\u0107 materia\u0142, zszy\u0107 dwie tkaniny, zszywa\u0107 \u00a0po linii, szy\u0107 proste rzeczy(torebki, opaski ,troczki, woreczki),przewleka\u0107 gum\u0119, przewlekanie na drug\u0105 stron\u0119 paska za pomoc\u0105 agrafki itp.<br \/>Kilka zdj\u0119\u0107 z zaj\u0119\u0107<\/p>\n<p>\u00a0 \u00a0 \u00a0 \u00a0 \u00a0 \u00a0 \u00a0 \u00a0 \u00a0 \u00a0 \u00a0 \u00a0 \u00a0 \u00a0 \u00a0 \u00a0 \u00a0 \u00a0 \u00a0 \u00a0 \u00a0 \u00a0 \u00a0 \u00a0 \u00a0 \u00a0 \u00a0 \u00a0Ma\u0142gorzata Dobrowolska<\/p>\n<p><a href=\"http:\/\/sp.gozdowo.eu\/wp-content\/uploads\/2026\/03\/1.jpg\"><img loading=\"lazy\" decoding=\"async\" class=\"alignnone  wp-image-21559\" src=\"http:\/\/sp.gozdowo.eu\/wp-content\/uploads\/2026\/03\/1-169x300.jpg\" alt=\"\" width=\"680\" height=\"1207\" srcset=\"http:\/\/sp.gozdowo.eu\/wp-content\/uploads\/2026\/03\/1-169x300.jpg 169w, http:\/\/sp.gozdowo.eu\/wp-content\/uploads\/2026\/03\/1.jpg 376w\" sizes=\"auto, (max-width: 680px) 100vw, 680px\" \/><\/a> <a href=\"http:\/\/sp.gozdowo.eu\/wp-content\/uploads\/2026\/03\/9.jpg\"><img loading=\"lazy\" decoding=\"async\" class=\"alignnone  wp-image-21567\" src=\"http:\/\/sp.gozdowo.eu\/wp-content\/uploads\/2026\/03\/9-225x300.jpg\" alt=\"\" width=\"680\" height=\"907\" srcset=\"http:\/\/sp.gozdowo.eu\/wp-content\/uploads\/2026\/03\/9-225x300.jpg 225w, http:\/\/sp.gozdowo.eu\/wp-content\/uploads\/2026\/03\/9.jpg 501w\" sizes=\"auto, (max-width: 680px) 100vw, 680px\" \/><\/a> <a href=\"http:\/\/sp.gozdowo.eu\/wp-content\/uploads\/2026\/03\/8.jpg\"><img loading=\"lazy\" decoding=\"async\" class=\"alignnone  wp-image-21566\" src=\"http:\/\/sp.gozdowo.eu\/wp-content\/uploads\/2026\/03\/8-300x225.jpg\" alt=\"\" width=\"680\" height=\"510\" srcset=\"http:\/\/sp.gozdowo.eu\/wp-content\/uploads\/2026\/03\/8-300x225.jpg 300w, http:\/\/sp.gozdowo.eu\/wp-content\/uploads\/2026\/03\/8-768x576.jpg 768w, http:\/\/sp.gozdowo.eu\/wp-content\/uploads\/2026\/03\/8.jpg 891w\" sizes=\"auto, (max-width: 680px) 100vw, 680px\" \/><\/a> <a href=\"http:\/\/sp.gozdowo.eu\/wp-content\/uploads\/2026\/03\/7.jpg\"><img loading=\"lazy\" decoding=\"async\" class=\"alignnone  wp-image-21565\" src=\"http:\/\/sp.gozdowo.eu\/wp-content\/uploads\/2026\/03\/7-225x300.jpg\" alt=\"\" width=\"680\" height=\"907\" srcset=\"http:\/\/sp.gozdowo.eu\/wp-content\/uploads\/2026\/03\/7-225x300.jpg 225w, http:\/\/sp.gozdowo.eu\/wp-content\/uploads\/2026\/03\/7.jpg 501w\" sizes=\"auto, (max-width: 680px) 100vw, 680px\" \/><\/a> <a href=\"http:\/\/sp.gozdowo.eu\/wp-content\/uploads\/2026\/03\/6.jpg\"><img loading=\"lazy\" decoding=\"async\" class=\"alignnone  wp-image-21564\" src=\"http:\/\/sp.gozdowo.eu\/wp-content\/uploads\/2026\/03\/6-225x300.jpg\" alt=\"\" width=\"680\" height=\"906\" srcset=\"http:\/\/sp.gozdowo.eu\/wp-content\/uploads\/2026\/03\/6-225x300.jpg 225w, http:\/\/sp.gozdowo.eu\/wp-content\/uploads\/2026\/03\/6.jpg 501w\" sizes=\"auto, (max-width: 680px) 100vw, 680px\" \/><\/a> <a href=\"http:\/\/sp.gozdowo.eu\/wp-content\/uploads\/2026\/03\/5.jpg\"><img loading=\"lazy\" decoding=\"async\" class=\"alignnone  wp-image-21563\" src=\"http:\/\/sp.gozdowo.eu\/wp-content\/uploads\/2026\/03\/5-300x225.jpg\" alt=\"\" width=\"680\" height=\"510\" srcset=\"http:\/\/sp.gozdowo.eu\/wp-content\/uploads\/2026\/03\/5-300x225.jpg 300w, http:\/\/sp.gozdowo.eu\/wp-content\/uploads\/2026\/03\/5-768x576.jpg 768w, http:\/\/sp.gozdowo.eu\/wp-content\/uploads\/2026\/03\/5.jpg 891w\" sizes=\"auto, (max-width: 680px) 100vw, 680px\" \/><\/a> <a href=\"http:\/\/sp.gozdowo.eu\/wp-content\/uploads\/2026\/03\/4.jpg\"><img loading=\"lazy\" decoding=\"async\" class=\"alignnone  wp-image-21562\" src=\"http:\/\/sp.gozdowo.eu\/wp-content\/uploads\/2026\/03\/4-225x300.jpg\" alt=\"\" width=\"680\" height=\"907\" srcset=\"http:\/\/sp.gozdowo.eu\/wp-content\/uploads\/2026\/03\/4-225x300.jpg 225w, http:\/\/sp.gozdowo.eu\/wp-content\/uploads\/2026\/03\/4.jpg 501w\" sizes=\"auto, (max-width: 680px) 100vw, 680px\" \/><\/a> <a href=\"http:\/\/sp.gozdowo.eu\/wp-content\/uploads\/2026\/03\/3.jpg\"><img loading=\"lazy\" decoding=\"async\" class=\"alignnone  wp-image-21561\" src=\"http:\/\/sp.gozdowo.eu\/wp-content\/uploads\/2026\/03\/3-225x300.jpg\" alt=\"\" width=\"680\" height=\"907\" srcset=\"http:\/\/sp.gozdowo.eu\/wp-content\/uploads\/2026\/03\/3-225x300.jpg 225w, http:\/\/sp.gozdowo.eu\/wp-content\/uploads\/2026\/03\/3.jpg 501w\" sizes=\"auto, (max-width: 680px) 100vw, 680px\" \/><\/a> <a href=\"http:\/\/sp.gozdowo.eu\/wp-content\/uploads\/2026\/03\/2.jpg\"><img loading=\"lazy\" decoding=\"async\" class=\"alignnone  wp-image-21560\" src=\"http:\/\/sp.gozdowo.eu\/wp-content\/uploads\/2026\/03\/2-169x300.jpg\" alt=\"\" width=\"680\" height=\"1207\" srcset=\"http:\/\/sp.gozdowo.eu\/wp-content\/uploads\/2026\/03\/2-169x300.jpg 169w, http:\/\/sp.gozdowo.eu\/wp-content\/uploads\/2026\/03\/2.jpg 376w\" sizes=\"auto, (max-width: 680px) 100vw, 680px\" \/><\/a><\/p>","protected":false},"excerpt":{"rendered":"<p>Rok szkolny 2025\/2026 Innowacja pedagogiczna &#8222;Umiem szy\u0107 na maszynie&#8221; Realizowana od roku szkolnego 2021\/22\u00a0\u00a0 do chwili obecnej.Uczniowie uczestnicz\u0105c w zaj\u0119ciach krawieckich poszerzaj\u0105 za r\u00f3wno wiedz\u0119 ,jak \u00a0i umiej\u0119tno\u015bci z zakresu krawiectwa i orientacji zawodowej,rozwijaj\u0105&#46;&#46;&#46;<\/p>\n","protected":false},"author":1,"featured_media":0,"parent":0,"menu_order":0,"comment_status":"closed","ping_status":"closed","template":"","meta":{"footnotes":""},"class_list":["post-21549","page","type-page","status-publish","hentry"],"_links":{"self":[{"href":"http:\/\/sp.gozdowo.eu\/index.php?rest_route=\/wp\/v2\/pages\/21549","targetHints":{"allow":["GET"]}}],"collection":[{"href":"http:\/\/sp.gozdowo.eu\/index.php?rest_route=\/wp\/v2\/pages"}],"about":[{"href":"http:\/\/sp.gozdowo.eu\/index.php?rest_route=\/wp\/v2\/types\/page"}],"author":[{"embeddable":true,"href":"http:\/\/sp.gozdowo.eu\/index.php?rest_route=\/wp\/v2\/users\/1"}],"replies":[{"embeddable":true,"href":"http:\/\/sp.gozdowo.eu\/index.php?rest_route=%2Fwp%2Fv2%2Fcomments&post=21549"}],"version-history":[{"count":3,"href":"http:\/\/sp.gozdowo.eu\/index.php?rest_route=\/wp\/v2\/pages\/21549\/revisions"}],"predecessor-version":[{"id":21570,"href":"http:\/\/sp.gozdowo.eu\/index.php?rest_route=\/wp\/v2\/pages\/21549\/revisions\/21570"}],"wp:attachment":[{"href":"http:\/\/sp.gozdowo.eu\/index.php?rest_route=%2Fwp%2Fv2%2Fmedia&parent=21549"}],"curies":[{"name":"wp","href":"https:\/\/api.w.org\/{rel}","templated":true}]}}