{"id":21551,"date":"2026-03-01T14:54:45","date_gmt":"2026-03-01T13:54:45","guid":{"rendered":"http:\/\/sp.gozdowo.eu\/?page_id=21551"},"modified":"2026-03-02T17:56:46","modified_gmt":"2026-03-02T16:56:46","slug":"recyklingowy-przedmiot-uzytkowy","status":"publish","type":"page","link":"http:\/\/sp.gozdowo.eu\/?page_id=21551","title":{"rendered":"Recyklingowy przedmiot u\u017cytkowy"},"content":{"rendered":"\n<p><strong>Rok szkolny 2025\/2026<\/strong><\/p>\n\n\n<p>Innowacja pedagogiczna ,,Prace wytw\u00f3rcze z odpad\u00f3w\u201d<\/p>\n<p>Z uwagi na problem za\u015bmiecania \u015brodowiska postanowi\u0142am pokaza\u0107 uczniom, \u017ce stare opakowania, z kartonu, tektury, plastyku, stare ubrania mo\u017cna wykorzysta\u0107 do stworzenia nowej rzeczy. Poza tym dzi\u0119ki recyklingowi jeste\u015bmy ekologiczni i ekonomiczni.<\/p>\n<p>Uczniowie mieli mo\u017cliwo\u015b\u0107 rozwin\u0105\u0107 swoj\u0105 wyobra\u017ani\u0119 tw\u00f3rcz\u0105, pomys\u0142owo\u015b\u0107, zainteresowania., zapoznani zostan\u0105 z technik\u0105 patchworku, upcyklingu ,recyklingu sposobami reperowania odzie\u017cy \u2013doszywanie \u0142atek,dosywania haftu w miejscach poplamionych czy podartych, tworzyli dekoracje \u015bwi\u0105teczne z butelek, starych gazet, \u00a0tworzyli aplikacje na ubraniach,naszywki itp.<\/p>\n<p>Wykonuj\u0105 torby ekologiczne z dost\u0119pnych materia\u0142\u00f3w czy starych spodni d\u017cinsowych<\/p>\n<p>Zapoznani zostali z \u00a0przyk\u0142adami ponownego wykorzystania np kolczyki z plastikowych butelek i opakowa\u0144,organizery z plastikowych opakowa\u0144,karmnik z butelki,miniaturowa szklarnia z baniaka na wod\u0119,prosta doniczka na uprawy, np. fasoli lub rze\u017cuchy, zwierz\u0105tka, statek, toru przeszk\u00f3d dla pi\u0142ki lub kulki czy trasy wy\u015bcigowej dla autek., paleta malarska z \u00a0kolorowych nakr\u0119tek,lejek,skarbonka,klepsydra,przed\u0142u\u017cenie wieszaka butelkami , aby nie by\u0142o uwypukle\u0144,breloczek czy wisiorek z kleju na gor\u0105co i p\u0142yt cd,opaski,wisiorki ze starego tcherta itp.<br \/>Przyk\u0142adowe prace uczni\u00f3w poni\u017cej<\/p>\n<p>\u00a0 \u00a0 \u00a0 \u00a0 \u00a0 \u00a0 \u00a0 \u00a0 \u00a0 \u00a0 \u00a0 \u00a0 \u00a0 \u00a0 \u00a0 \u00a0 \u00a0 \u00a0 \u00a0 \u00a0 \u00a0 \u00a0 \u00a0 \u00a0 \u00a0 \u00a0 \u00a0 \u00a0 \u00a0 \u00a0 \u00a0 \u00a0 \u00a0 \u00a0 \u00a0 \u00a0 \u00a0 \u00a0 \u00a0 \u00a0 \u00a0 \u00a0 \u00a0 \u00a0Ma\u0142gorzata Dobrowolska<\/p>\n<p><a href=\"http:\/\/sp.gozdowo.eu\/wp-content\/uploads\/2026\/02\/8-7.jpg\"><img loading=\"lazy\" decoding=\"async\" class=\"alignnone  wp-image-21543\" src=\"http:\/\/sp.gozdowo.eu\/wp-content\/uploads\/2026\/02\/8-7-225x300.jpg\" alt=\"\" width=\"680\" height=\"907\" srcset=\"http:\/\/sp.gozdowo.eu\/wp-content\/uploads\/2026\/02\/8-7-225x300.jpg 225w, http:\/\/sp.gozdowo.eu\/wp-content\/uploads\/2026\/02\/8-7.jpg 501w\" sizes=\"auto, (max-width: 680px) 100vw, 680px\" \/><\/a> <a href=\"http:\/\/sp.gozdowo.eu\/wp-content\/uploads\/2026\/02\/7-7.jpg\"><img loading=\"lazy\" decoding=\"async\" class=\"alignnone  wp-image-21542\" src=\"http:\/\/sp.gozdowo.eu\/wp-content\/uploads\/2026\/02\/7-7-225x300.jpg\" alt=\"\" width=\"681\" height=\"908\" srcset=\"http:\/\/sp.gozdowo.eu\/wp-content\/uploads\/2026\/02\/7-7-225x300.jpg 225w, http:\/\/sp.gozdowo.eu\/wp-content\/uploads\/2026\/02\/7-7.jpg 501w\" sizes=\"auto, (max-width: 681px) 100vw, 681px\" \/><\/a> <a href=\"http:\/\/sp.gozdowo.eu\/wp-content\/uploads\/2026\/02\/6-7.jpg\"><img loading=\"lazy\" decoding=\"async\" class=\"alignnone  wp-image-21541\" src=\"http:\/\/sp.gozdowo.eu\/wp-content\/uploads\/2026\/02\/6-7-226x300.jpg\" alt=\"\" width=\"680\" height=\"903\" srcset=\"http:\/\/sp.gozdowo.eu\/wp-content\/uploads\/2026\/02\/6-7-226x300.jpg 226w, http:\/\/sp.gozdowo.eu\/wp-content\/uploads\/2026\/02\/6-7.jpg 503w\" sizes=\"auto, (max-width: 680px) 100vw, 680px\" \/><\/a> <a href=\"http:\/\/sp.gozdowo.eu\/wp-content\/uploads\/2026\/02\/5-8.jpg\"><img loading=\"lazy\" decoding=\"async\" class=\"alignnone  wp-image-21540\" src=\"http:\/\/sp.gozdowo.eu\/wp-content\/uploads\/2026\/02\/5-8-225x300.jpg\" alt=\"\" width=\"660\" height=\"880\" srcset=\"http:\/\/sp.gozdowo.eu\/wp-content\/uploads\/2026\/02\/5-8-225x300.jpg 225w, http:\/\/sp.gozdowo.eu\/wp-content\/uploads\/2026\/02\/5-8.jpg 501w\" sizes=\"auto, (max-width: 660px) 100vw, 660px\" \/><\/a> <a href=\"http:\/\/sp.gozdowo.eu\/wp-content\/uploads\/2026\/02\/4-9.jpg\"><img loading=\"lazy\" decoding=\"async\" class=\"alignnone  wp-image-21539\" src=\"http:\/\/sp.gozdowo.eu\/wp-content\/uploads\/2026\/02\/4-9-169x300.jpg\" alt=\"\" width=\"680\" height=\"1207\" srcset=\"http:\/\/sp.gozdowo.eu\/wp-content\/uploads\/2026\/02\/4-9-169x300.jpg 169w, http:\/\/sp.gozdowo.eu\/wp-content\/uploads\/2026\/02\/4-9.jpg 376w\" sizes=\"auto, (max-width: 680px) 100vw, 680px\" \/><\/a> <a href=\"http:\/\/sp.gozdowo.eu\/wp-content\/uploads\/2026\/02\/3-9.jpg\"><img loading=\"lazy\" decoding=\"async\" class=\"alignnone  wp-image-21538\" src=\"http:\/\/sp.gozdowo.eu\/wp-content\/uploads\/2026\/02\/3-9-169x300.jpg\" alt=\"\" width=\"681\" height=\"1209\" srcset=\"http:\/\/sp.gozdowo.eu\/wp-content\/uploads\/2026\/02\/3-9-169x300.jpg 169w, http:\/\/sp.gozdowo.eu\/wp-content\/uploads\/2026\/02\/3-9.jpg 376w\" sizes=\"auto, (max-width: 681px) 100vw, 681px\" \/><\/a> <a href=\"http:\/\/sp.gozdowo.eu\/wp-content\/uploads\/2026\/02\/2-9.jpg\"><img loading=\"lazy\" decoding=\"async\" class=\"alignnone  wp-image-21537\" src=\"http:\/\/sp.gozdowo.eu\/wp-content\/uploads\/2026\/02\/2-9-169x300.jpg\" alt=\"\" width=\"680\" height=\"1207\" srcset=\"http:\/\/sp.gozdowo.eu\/wp-content\/uploads\/2026\/02\/2-9-169x300.jpg 169w, http:\/\/sp.gozdowo.eu\/wp-content\/uploads\/2026\/02\/2-9.jpg 376w\" sizes=\"auto, (max-width: 680px) 100vw, 680px\" \/><\/a> <a href=\"http:\/\/sp.gozdowo.eu\/wp-content\/uploads\/2026\/02\/1-8.jpg\"><img loading=\"lazy\" decoding=\"async\" class=\"alignnone  wp-image-21536\" src=\"http:\/\/sp.gozdowo.eu\/wp-content\/uploads\/2026\/02\/1-8-169x300.jpg\" alt=\"\" width=\"680\" height=\"1207\" srcset=\"http:\/\/sp.gozdowo.eu\/wp-content\/uploads\/2026\/02\/1-8-169x300.jpg 169w, http:\/\/sp.gozdowo.eu\/wp-content\/uploads\/2026\/02\/1-8.jpg 376w\" sizes=\"auto, (max-width: 680px) 100vw, 680px\" \/><\/a><\/p>","protected":false},"excerpt":{"rendered":"<p>Rok szkolny 2025\/2026 Innowacja pedagogiczna ,,Prace wytw\u00f3rcze z odpad\u00f3w\u201d Z uwagi na problem za\u015bmiecania \u015brodowiska postanowi\u0142am pokaza\u0107 uczniom, \u017ce stare opakowania, z kartonu, tektury, plastyku, stare ubrania mo\u017cna wykorzysta\u0107 do stworzenia nowej rzeczy. Poza&#46;&#46;&#46;<\/p>\n","protected":false},"author":1,"featured_media":0,"parent":0,"menu_order":0,"comment_status":"closed","ping_status":"closed","template":"","meta":{"footnotes":""},"class_list":["post-21551","page","type-page","status-publish","hentry"],"_links":{"self":[{"href":"http:\/\/sp.gozdowo.eu\/index.php?rest_route=\/wp\/v2\/pages\/21551","targetHints":{"allow":["GET"]}}],"collection":[{"href":"http:\/\/sp.gozdowo.eu\/index.php?rest_route=\/wp\/v2\/pages"}],"about":[{"href":"http:\/\/sp.gozdowo.eu\/index.php?rest_route=\/wp\/v2\/types\/page"}],"author":[{"embeddable":true,"href":"http:\/\/sp.gozdowo.eu\/index.php?rest_route=\/wp\/v2\/users\/1"}],"replies":[{"embeddable":true,"href":"http:\/\/sp.gozdowo.eu\/index.php?rest_route=%2Fwp%2Fv2%2Fcomments&post=21551"}],"version-history":[{"count":2,"href":"http:\/\/sp.gozdowo.eu\/index.php?rest_route=\/wp\/v2\/pages\/21551\/revisions"}],"predecessor-version":[{"id":21558,"href":"http:\/\/sp.gozdowo.eu\/index.php?rest_route=\/wp\/v2\/pages\/21551\/revisions\/21558"}],"wp:attachment":[{"href":"http:\/\/sp.gozdowo.eu\/index.php?rest_route=%2Fwp%2Fv2%2Fmedia&parent=21551"}],"curies":[{"name":"wp","href":"https:\/\/api.w.org\/{rel}","templated":true}]}}